{"id":664,"date":"2020-06-14T20:54:30","date_gmt":"2020-06-14T18:54:30","guid":{"rendered":"https:\/\/www.gemsnk.de\/?page_id=664"},"modified":"2020-07-01T09:15:55","modified_gmt":"2020-07-01T07:15:55","slug":"nachmittagsbetreuung","status":"publish","type":"page","link":"https:\/\/www.gemsnk.de\/?page_id=664","title":{"rendered":"Nachmittagsbetreuung"},"content":{"rendered":"\t\t<div data-elementor-type=\"wp-page\" data-elementor-id=\"664\" class=\"elementor elementor-664\">\n\t\t\t\t\t\t\t\t\t<section class=\"elementor-section elementor-top-section elementor-element elementor-element-59c96c62 elementor-section-content-middle elementor-section-boxed elementor-section-height-default elementor-section-height-default\" data-id=\"59c96c62\" data-element_type=\"section\">\n\t\t\t\t\t\t<div class=\"elementor-container elementor-column-gap-no\">\n\t\t\t\t\t<div class=\"elementor-column elementor-col-100 elementor-top-column elementor-element elementor-element-1e2ff728\" data-id=\"1e2ff728\" data-element_type=\"column\">\n\t\t\t<div class=\"elementor-widget-wrap elementor-element-populated\">\n\t\t\t\t\t\t\t\t<div class=\"elementor-element elementor-element-5b2712f1 elementor-widget elementor-widget-heading\" data-id=\"5b2712f1\" data-element_type=\"widget\" data-widget_type=\"heading.default\">\n\t\t\t\t<div class=\"elementor-widget-container\">\n\t\t\t<h4 class=\"elementor-heading-title elementor-size-default\">Angebot<\/h4>\t\t<\/div>\n\t\t\t\t<\/div>\n\t\t\t\t<section class=\"elementor-section elementor-inner-section elementor-element elementor-element-39db7c77 elementor-section-content-middle elementor-section-boxed elementor-section-height-default elementor-section-height-default\" data-id=\"39db7c77\" data-element_type=\"section\">\n\t\t\t\t\t\t<div class=\"elementor-container elementor-column-gap-no\">\n\t\t\t\t\t<div class=\"elementor-column elementor-col-33 elementor-inner-column elementor-element elementor-element-69b39383\" data-id=\"69b39383\" data-element_type=\"column\">\n\t\t\t<div class=\"elementor-widget-wrap elementor-element-populated\">\n\t\t\t\t\t\t\t\t<div class=\"elementor-element elementor-element-18aca438 elementor-widget elementor-widget-image\" data-id=\"18aca438\" data-element_type=\"widget\" data-widget_type=\"image.default\">\n\t\t\t\t<div class=\"elementor-widget-container\">\n\t\t\t\t\t\t\t\t\t\t\t\t\t\t\t<img loading=\"lazy\" decoding=\"async\" width=\"640\" height=\"427\" src=\"https:\/\/www.gemsnk.de\/wp-content\/uploads\/2020\/07\/pasta-2358540_1920-1024x683.jpg\" class=\"attachment-large size-large wp-image-1346\" alt=\"\" srcset=\"https:\/\/www.gemsnk.de\/wp-content\/uploads\/2020\/07\/pasta-2358540_1920-1024x683.jpg 1024w, https:\/\/www.gemsnk.de\/wp-content\/uploads\/2020\/07\/pasta-2358540_1920-300x200.jpg 300w, https:\/\/www.gemsnk.de\/wp-content\/uploads\/2020\/07\/pasta-2358540_1920-768x512.jpg 768w, https:\/\/www.gemsnk.de\/wp-content\/uploads\/2020\/07\/pasta-2358540_1920-1536x1024.jpg 1536w, https:\/\/www.gemsnk.de\/wp-content\/uploads\/2020\/07\/pasta-2358540_1920-405x270.jpg 405w, https:\/\/www.gemsnk.de\/wp-content\/uploads\/2020\/07\/pasta-2358540_1920.jpg 1920w\" sizes=\"auto, (max-width: 640px) 100vw, 640px\" \/>\t\t\t\t\t\t\t\t\t\t\t\t\t\t\t<\/div>\n\t\t\t\t<\/div>\n\t\t\t\t\t<\/div>\n\t\t<\/div>\n\t\t\t\t<div class=\"elementor-column elementor-col-33 elementor-inner-column elementor-element elementor-element-57a291b0\" data-id=\"57a291b0\" data-element_type=\"column\">\n\t\t\t<div class=\"elementor-widget-wrap elementor-element-populated\">\n\t\t\t\t\t\t\t\t<div class=\"elementor-element elementor-element-78a390f3 elementor-widget elementor-widget-heading\" data-id=\"78a390f3\" data-element_type=\"widget\" data-widget_type=\"heading.default\">\n\t\t\t\t<div class=\"elementor-widget-container\">\n\t\t\t<h2 class=\"elementor-heading-title elementor-size-default\">Mittagessen<\/h2>\t\t<\/div>\n\t\t\t\t<\/div>\n\t\t\t\t<div class=\"elementor-element elementor-element-2dc0e90c elementor-widget elementor-widget-text-editor\" data-id=\"2dc0e90c\" data-element_type=\"widget\" data-widget_type=\"text-editor.default\">\n\t\t\t\t<div class=\"elementor-widget-container\">\n\t\t\t\t\t\t\t<p>Die Kinder k\u00f6nnen an einem freiwilligen Mittagessen teilnehmen.<\/p>\t\t\t\t\t\t<\/div>\n\t\t\t\t<\/div>\n\t\t\t\t\t<\/div>\n\t\t<\/div>\n\t\t\t\t<div class=\"elementor-column elementor-col-33 elementor-inner-column elementor-element elementor-element-e4b9f20\" data-id=\"e4b9f20\" data-element_type=\"column\">\n\t\t\t<div class=\"elementor-widget-wrap elementor-element-populated\">\n\t\t\t\t\t\t\t\t<div class=\"elementor-element elementor-element-3d39945c elementor-widget elementor-widget-image\" data-id=\"3d39945c\" data-element_type=\"widget\" data-widget_type=\"image.default\">\n\t\t\t\t<div class=\"elementor-widget-container\">\n\t\t\t\t\t\t\t\t\t\t\t\t\t\t\t<img loading=\"lazy\" decoding=\"async\" width=\"640\" height=\"428\" src=\"https:\/\/www.gemsnk.de\/wp-content\/uploads\/2020\/06\/jorge-dominguez-OZpMvg3nXts-unsplash-1024x684.jpg\" class=\"attachment-large size-large wp-image-1210\" alt=\"\" srcset=\"https:\/\/www.gemsnk.de\/wp-content\/uploads\/2020\/06\/jorge-dominguez-OZpMvg3nXts-unsplash-1024x684.jpg 1024w, https:\/\/www.gemsnk.de\/wp-content\/uploads\/2020\/06\/jorge-dominguez-OZpMvg3nXts-unsplash-300x200.jpg 300w, https:\/\/www.gemsnk.de\/wp-content\/uploads\/2020\/06\/jorge-dominguez-OZpMvg3nXts-unsplash-768x513.jpg 768w, https:\/\/www.gemsnk.de\/wp-content\/uploads\/2020\/06\/jorge-dominguez-OZpMvg3nXts-unsplash-1536x1026.jpg 1536w, https:\/\/www.gemsnk.de\/wp-content\/uploads\/2020\/06\/jorge-dominguez-OZpMvg3nXts-unsplash-2048x1368.jpg 2048w, https:\/\/www.gemsnk.de\/wp-content\/uploads\/2020\/06\/jorge-dominguez-OZpMvg3nXts-unsplash-404x270.jpg 404w\" sizes=\"auto, (max-width: 640px) 100vw, 640px\" \/>\t\t\t\t\t\t\t\t\t\t\t\t\t\t\t<\/div>\n\t\t\t\t<\/div>\n\t\t\t\t\t<\/div>\n\t\t<\/div>\n\t\t\t\t\t\t\t<\/div>\n\t\t<\/section>\n\t\t\t\t<section class=\"elementor-section elementor-inner-section elementor-element elementor-element-281a7c3 elementor-section-content-middle elementor-section-boxed elementor-section-height-default elementor-section-height-default\" data-id=\"281a7c3\" data-element_type=\"section\">\n\t\t\t\t\t\t<div class=\"elementor-container elementor-column-gap-no\">\n\t\t\t\t\t<div class=\"elementor-column elementor-col-33 elementor-inner-column elementor-element elementor-element-219fc590\" data-id=\"219fc590\" data-element_type=\"column\">\n\t\t\t<div class=\"elementor-widget-wrap elementor-element-populated\">\n\t\t\t\t\t\t\t\t<div class=\"elementor-element elementor-element-51cf3d0c elementor-widget elementor-widget-heading\" data-id=\"51cf3d0c\" data-element_type=\"widget\" data-widget_type=\"heading.default\">\n\t\t\t\t<div class=\"elementor-widget-container\">\n\t\t\t<h2 class=\"elementor-heading-title elementor-size-default\">kurze Gruppen<\/h2>\t\t<\/div>\n\t\t\t\t<\/div>\n\t\t\t\t<div class=\"elementor-element elementor-element-327c79ad elementor-widget elementor-widget-text-editor\" data-id=\"327c79ad\" data-element_type=\"widget\" data-widget_type=\"text-editor.default\">\n\t\t\t\t<div class=\"elementor-widget-container\">\n\t\t\t\t\t\t\t<p>Betreuung der Kinder bis 15:00 Uhr mit der M\u00f6glichkeit des Mittagessens, der Hausaufgabenbetreuung oder der freiwilligen Teilnahme an einer schulischen <a href=\"https:\/\/www.gemsnk.de\/?page_id=485\">Arbeitsgemeinschaft<\/a>.<\/p>\t\t\t\t\t\t<\/div>\n\t\t\t\t<\/div>\n\t\t\t\t\t<\/div>\n\t\t<\/div>\n\t\t\t\t<div class=\"elementor-column elementor-col-33 elementor-inner-column elementor-element elementor-element-583b222a\" data-id=\"583b222a\" data-element_type=\"column\">\n\t\t\t<div class=\"elementor-widget-wrap elementor-element-populated\">\n\t\t\t\t\t\t\t\t<div class=\"elementor-element elementor-element-d150220 elementor-widget elementor-widget-image\" data-id=\"d150220\" data-element_type=\"widget\" data-widget_type=\"image.default\">\n\t\t\t\t<div class=\"elementor-widget-container\">\n\t\t\t\t\t\t\t\t\t\t\t\t\t\t\t<img loading=\"lazy\" decoding=\"async\" width=\"640\" height=\"592\" src=\"https:\/\/www.gemsnk.de\/wp-content\/uploads\/2020\/07\/gemeinsam.jpg\" class=\"attachment-large size-large wp-image-1345\" alt=\"\" srcset=\"https:\/\/www.gemsnk.de\/wp-content\/uploads\/2020\/07\/gemeinsam.jpg 983w, https:\/\/www.gemsnk.de\/wp-content\/uploads\/2020\/07\/gemeinsam-300x278.jpg 300w, https:\/\/www.gemsnk.de\/wp-content\/uploads\/2020\/07\/gemeinsam-768x711.jpg 768w, https:\/\/www.gemsnk.de\/wp-content\/uploads\/2020\/07\/gemeinsam-292x270.jpg 292w\" sizes=\"auto, (max-width: 640px) 100vw, 640px\" \/>\t\t\t\t\t\t\t\t\t\t\t\t\t\t\t<\/div>\n\t\t\t\t<\/div>\n\t\t\t\t<div class=\"elementor-element elementor-element-1328a637 elementor-widget elementor-widget-heading\" data-id=\"1328a637\" data-element_type=\"widget\" data-widget_type=\"heading.default\">\n\t\t\t\t<div class=\"elementor-widget-container\">\n\t\t\t<h2 class=\"elementor-heading-title elementor-size-default\">Betreuung auch in den Ferien<\/h2>\t\t<\/div>\n\t\t\t\t<\/div>\n\t\t\t\t\t<\/div>\n\t\t<\/div>\n\t\t\t\t<div class=\"elementor-column elementor-col-33 elementor-inner-column elementor-element elementor-element-636c32c3\" data-id=\"636c32c3\" data-element_type=\"column\">\n\t\t\t<div class=\"elementor-widget-wrap elementor-element-populated\">\n\t\t\t\t\t\t\t\t<div class=\"elementor-element elementor-element-835c950 elementor-widget elementor-widget-heading\" data-id=\"835c950\" data-element_type=\"widget\" data-widget_type=\"heading.default\">\n\t\t\t\t<div class=\"elementor-widget-container\">\n\t\t\t<h2 class=\"elementor-heading-title elementor-size-default\">lange Gruppen<\/h2>\t\t<\/div>\n\t\t\t\t<\/div>\n\t\t\t\t<div class=\"elementor-element elementor-element-7d4d1ca2 elementor-widget elementor-widget-text-editor\" data-id=\"7d4d1ca2\" data-element_type=\"widget\" data-widget_type=\"text-editor.default\">\n\t\t\t\t<div class=\"elementor-widget-container\">\n\t\t\t\t\t\t\t<p>Betreuung der Kinder bis 17:00 Uhr mit den M\u00f6glichkeiten von Freizeitaktivit\u00e4ten und einer verl\u00e4ngerten Hausaufgabenzeit<\/p>\t\t\t\t\t\t<\/div>\n\t\t\t\t<\/div>\n\t\t\t\t\t<\/div>\n\t\t<\/div>\n\t\t\t\t\t\t\t<\/div>\n\t\t<\/section>\n\t\t\t\t\t<\/div>\n\t\t<\/div>\n\t\t\t\t\t\t\t<\/div>\n\t\t<\/section>\n\t\t\t\t<section class=\"elementor-section elementor-top-section elementor-element elementor-element-a009195 elementor-section-boxed elementor-section-height-default elementor-section-height-default\" data-id=\"a009195\" data-element_type=\"section\">\n\t\t\t\t\t\t<div class=\"elementor-container elementor-column-gap-default\">\n\t\t\t\t\t<div class=\"elementor-column elementor-col-100 elementor-top-column elementor-element elementor-element-be491dd\" data-id=\"be491dd\" data-element_type=\"column\">\n\t\t\t<div class=\"elementor-widget-wrap elementor-element-populated\">\n\t\t\t\t\t\t\t\t<div class=\"elementor-element elementor-element-e71207f elementor-widget elementor-widget-text-editor\" data-id=\"e71207f\" data-element_type=\"widget\" data-widget_type=\"text-editor.default\">\n\t\t\t\t<div class=\"elementor-widget-container\">\n\t\t\t\t\t\t\t<p>Nach dem schulischen Unterricht wird den Sch\u00fclerinnen und Sch\u00fclern ein gemeinsames kostenpflichtiges Mittagessen angeboten, das nach<br \/>ihren Bed\u00fcrfnissen zusammengestellt wird und den Richtlinien und Qualit\u00e4tsstandards der DGE<br \/>entspricht.<\/p><p><br \/>Nach der Mittagspause erledigen die Kinder unter Aufsicht von Mitarbeitern und Lehrkr\u00e4ften ihre Hausaufgaben. Diese werden<br \/>auf Vollst\u00e4ndigkeit und nach M\u00f6glichkeit auf Richtigkeit \u00fcberpr\u00fcft. In einer Auffanggruppe besteht f\u00fcr Kinder in langen Gruppen (Modell 1)<br \/>die M\u00f6glichkeit, die Hausaufgaben fertig zu stellen.<\/p><p><br \/>Ab ca. 15.00 Uhr finden f\u00fcr Kinder in langen Gruppen (Modell 1) zahlreiche altersgerechte Freizeitaktivit\u00e4ten statt. Darin eingebunden sind<br \/>nach M\u00f6glichkeit auch Vereine und<br \/>Honorarkr\u00e4fte, um Angebote wie z.B. Fu\u00dfball, Physikwerkstatt, Kochen, Kunst oder sportliche Bewegungsspiele durchzuf\u00fchren.<br \/>Die Betreuungszeiten und der Durchf\u00fchrungsort des Ferienprogramms werden zu Beginn des Schuljahres bzw. bei Neuaufnahme mitgeteilt.<\/p><p>In den Schulferien ist eine kostenlose<br \/>ganzt\u00e4gige Betreuung von 8.00 Uhr bis 17.00 Uhr bis auf 26 Schlie\u00dftage im Schuljahr bei gen\u00fcgend Anmeldungen gew\u00e4hrleistet. Die Teilnahme ist freiwillig.<\/p>\t\t\t\t\t\t<\/div>\n\t\t\t\t<\/div>\n\t\t\t\t\t<\/div>\n\t\t<\/div>\n\t\t\t\t\t\t\t<\/div>\n\t\t<\/section>\n\t\t\t\t\t\t\t<\/div>\n\t\t","protected":false},"excerpt":{"rendered":"<p>Angebot Mittagessen Die Kinder k\u00f6nnen an einem freiwilligen Mittagessen teilnehmen. kurze Gruppen Betreuung der Kinder bis 15:00 Uhr mit der M\u00f6glichkeit des Mittagessens, der Hausaufgabenbetreuung oder der freiwilligen Teilnahme an&hellip;<\/p>\n","protected":false},"author":1,"featured_media":0,"parent":0,"menu_order":0,"comment_status":"closed","ping_status":"closed","template":"elementor_header_footer","meta":{"_EventAllDay":false,"_EventTimezone":"","_EventStartDate":"","_EventEndDate":"","_EventStartDateUTC":"","_EventEndDateUTC":"","_EventShowMap":false,"_EventShowMapLink":false,"_EventURL":"","_EventCost":"","_EventCostDescription":"","_EventCurrencySymbol":"","_EventCurrencyCode":"","_EventCurrencyPosition":"","_EventDateTimeSeparator":"","_EventTimeRangeSeparator":"","_EventOrganizerID":[],"_EventVenueID":[],"_OrganizerEmail":"","_OrganizerPhone":"","_OrganizerWebsite":"","_VenueAddress":"","_VenueCity":"","_VenueCountry":"","_VenueProvince":"","_VenueState":"","_VenueZip":"","_VenuePhone":"","_VenueURL":"","_VenueStateProvince":"","_VenueLat":"","_VenueLng":"","_VenueShowMap":false,"_VenueShowMapLink":false,"footnotes":""},"class_list":["post-664","page","type-page","status-publish","hentry"],"_links":{"self":[{"href":"https:\/\/www.gemsnk.de\/index.php?rest_route=\/wp\/v2\/pages\/664","targetHints":{"allow":["GET"]}}],"collection":[{"href":"https:\/\/www.gemsnk.de\/index.php?rest_route=\/wp\/v2\/pages"}],"about":[{"href":"https:\/\/www.gemsnk.de\/index.php?rest_route=\/wp\/v2\/types\/page"}],"author":[{"embeddable":true,"href":"https:\/\/www.gemsnk.de\/index.php?rest_route=\/wp\/v2\/users\/1"}],"replies":[{"embeddable":true,"href":"https:\/\/www.gemsnk.de\/index.php?rest_route=%2Fwp%2Fv2%2Fcomments&post=664"}],"version-history":[{"count":6,"href":"https:\/\/www.gemsnk.de\/index.php?rest_route=\/wp\/v2\/pages\/664\/revisions"}],"predecessor-version":[{"id":1353,"href":"https:\/\/www.gemsnk.de\/index.php?rest_route=\/wp\/v2\/pages\/664\/revisions\/1353"}],"wp:attachment":[{"href":"https:\/\/www.gemsnk.de\/index.php?rest_route=%2Fwp%2Fv2%2Fmedia&parent=664"}],"curies":[{"name":"wp","href":"https:\/\/api.w.org\/{rel}","templated":true}]}}