{"id":485,"date":"2020-06-14T21:56:54","date_gmt":"2020-06-14T19:56:54","guid":{"rendered":"https:\/\/www.gemsnk.de\/?page_id=485"},"modified":"2022-10-03T15:14:31","modified_gmt":"2022-10-03T13:14:31","slug":"arbeitsgemeinschaften-2","status":"publish","type":"page","link":"https:\/\/www.gemsnk.de\/?page_id=485","title":{"rendered":"Arbeitsgemeinschaften"},"content":{"rendered":"\t\t<div data-elementor-type=\"wp-page\" data-elementor-id=\"485\" class=\"elementor elementor-485\">\n\t\t\t\t\t\t\t\t\t<section class=\"elementor-section elementor-top-section elementor-element elementor-element-339e7b8 elementor-section-boxed elementor-section-height-default elementor-section-height-default\" data-id=\"339e7b8\" data-element_type=\"section\">\n\t\t\t\t\t\t<div class=\"elementor-container elementor-column-gap-default\">\n\t\t\t\t\t<div class=\"elementor-column elementor-col-100 elementor-top-column elementor-element elementor-element-21c16bf8\" data-id=\"21c16bf8\" data-element_type=\"column\">\n\t\t\t<div class=\"elementor-widget-wrap elementor-element-populated\">\n\t\t\t\t\t\t\t\t<div class=\"elementor-element elementor-element-ea788c7 elementor-widget-divider--view-line elementor-widget elementor-widget-divider\" data-id=\"ea788c7\" data-element_type=\"widget\" data-widget_type=\"divider.default\">\n\t\t\t\t<div class=\"elementor-widget-container\">\n\t\t\t\t\t<div class=\"elementor-divider\">\n\t\t\t<span class=\"elementor-divider-separator\">\n\t\t\t\t\t\t<\/span>\n\t\t<\/div>\n\t\t\t\t<\/div>\n\t\t\t\t<\/div>\n\t\t\t\t\t<\/div>\n\t\t<\/div>\n\t\t\t\t\t\t\t<\/div>\n\t\t<\/section>\n\t\t\t\t<section class=\"elementor-section elementor-top-section elementor-element elementor-element-e04d17b elementor-section-boxed elementor-section-height-default elementor-section-height-default\" data-id=\"e04d17b\" data-element_type=\"section\">\n\t\t\t\t\t\t<div class=\"elementor-container elementor-column-gap-default\">\n\t\t\t\t\t<div class=\"elementor-column elementor-col-33 elementor-top-column elementor-element elementor-element-f74b95c\" data-id=\"f74b95c\" data-element_type=\"column\">\n\t\t\t<div class=\"elementor-widget-wrap elementor-element-populated\">\n\t\t\t\t\t\t\t\t<div class=\"elementor-element elementor-element-686098c elementor-invisible elementor-widget elementor-widget-heading\" data-id=\"686098c\" data-element_type=\"widget\" data-settings=\"{&quot;_animation&quot;:&quot;slideInLeft&quot;}\" data-widget_type=\"heading.default\">\n\t\t\t\t<div class=\"elementor-widget-container\">\n\t\t\t<h2 class=\"elementor-heading-title elementor-size-default\">Unsere Arbeitsgemeinschaften (AGs)<\/h2>\t\t<\/div>\n\t\t\t\t<\/div>\n\t\t\t\t\t<\/div>\n\t\t<\/div>\n\t\t\t\t<div class=\"elementor-column elementor-col-66 elementor-top-column elementor-element elementor-element-fbfeefd\" data-id=\"fbfeefd\" data-element_type=\"column\">\n\t\t\t<div class=\"elementor-widget-wrap elementor-element-populated\">\n\t\t\t\t\t\t\t\t<div class=\"elementor-element elementor-element-85161e2 elementor-invisible elementor-widget elementor-widget-text-editor\" data-id=\"85161e2\" data-element_type=\"widget\" data-settings=\"{&quot;_animation&quot;:&quot;slideInRight&quot;}\" data-widget_type=\"text-editor.default\">\n\t\t\t\t<div class=\"elementor-widget-container\">\n\t\t\t\t\t\t\t<p>Wir bieten in jedem Schuljahr verschiedenste Arbeitsgemeinschaften an, da d\u00fcrfte f\u00fcr jeden etwas dabei sein. Die Anmeldung ist f\u00fcr ein Halbjahr verbindlich!<\/p>\t\t\t\t\t\t<\/div>\n\t\t\t\t<\/div>\n\t\t\t\t\t<\/div>\n\t\t<\/div>\n\t\t\t\t\t\t\t<\/div>\n\t\t<\/section>\n\t\t\t\t<section class=\"elementor-section elementor-top-section elementor-element elementor-element-82333eb elementor-section-boxed elementor-section-height-default elementor-section-height-default\" data-id=\"82333eb\" data-element_type=\"section\">\n\t\t\t\t\t\t<div class=\"elementor-container elementor-column-gap-default\">\n\t\t\t\t\t<div class=\"elementor-column elementor-col-100 elementor-top-column elementor-element elementor-element-507732d\" data-id=\"507732d\" data-element_type=\"column\">\n\t\t\t<div class=\"elementor-widget-wrap elementor-element-populated\">\n\t\t\t\t\t\t\t\t<div class=\"elementor-element elementor-element-8315a8a elementor-widget-divider--view-line elementor-widget elementor-widget-divider\" data-id=\"8315a8a\" data-element_type=\"widget\" data-widget_type=\"divider.default\">\n\t\t\t\t<div class=\"elementor-widget-container\">\n\t\t\t\t\t<div class=\"elementor-divider\">\n\t\t\t<span class=\"elementor-divider-separator\">\n\t\t\t\t\t\t<\/span>\n\t\t<\/div>\n\t\t\t\t<\/div>\n\t\t\t\t<\/div>\n\t\t\t\t\t<\/div>\n\t\t<\/div>\n\t\t\t\t\t\t\t<\/div>\n\t\t<\/section>\n\t\t\t\t<section class=\"elementor-section elementor-top-section elementor-element elementor-element-4d75653 elementor-section-boxed elementor-section-height-default elementor-section-height-default\" data-id=\"4d75653\" data-element_type=\"section\">\n\t\t\t\t\t\t<div class=\"elementor-container elementor-column-gap-default\">\n\t\t\t\t\t<div class=\"elementor-column elementor-col-33 elementor-top-column elementor-element elementor-element-b9f53f0\" data-id=\"b9f53f0\" data-element_type=\"column\">\n\t\t\t<div class=\"elementor-widget-wrap elementor-element-populated\">\n\t\t\t\t\t\t\t\t<div class=\"elementor-element elementor-element-880287e elementor-position-top elementor-invisible elementor-widget elementor-widget-image-box\" data-id=\"880287e\" data-element_type=\"widget\" data-settings=\"{&quot;_animation&quot;:&quot;zoomInLeft&quot;}\" data-widget_type=\"image-box.default\">\n\t\t\t\t<div class=\"elementor-widget-container\">\n\t\t\t<div class=\"elementor-image-box-wrapper\"><figure class=\"elementor-image-box-img\"><img loading=\"lazy\" decoding=\"async\" width=\"768\" height=\"1024\" src=\"https:\/\/www.gemsnk.de\/wp-content\/uploads\/2020\/07\/img_4413.jpg\" class=\"attachment-full size-full wp-image-1363\" alt=\"\" srcset=\"https:\/\/www.gemsnk.de\/wp-content\/uploads\/2020\/07\/img_4413.jpg 768w, https:\/\/www.gemsnk.de\/wp-content\/uploads\/2020\/07\/img_4413-225x300.jpg 225w, https:\/\/www.gemsnk.de\/wp-content\/uploads\/2020\/07\/img_4413-203x270.jpg 203w\" sizes=\"auto, (max-width: 768px) 100vw, 768px\" \/><\/figure><div class=\"elementor-image-box-content\"><h3 class=\"elementor-image-box-title\">Back-AG<br><\/h3><p class=\"elementor-image-box-description\">Rezepte finden und in die Tat umsetzen und am Ende ein leckeres Produkt - das ist unsere Back-AG. Die Kinder backen in der schuleigenen K\u00fcche und d\u00fcrfen selbstverst\u00e4ndlich dann auch ihre K\u00f6stlichkeiten probieren.<br>Leiterin: Frau Br\u00fcck\n<\/p><\/div><\/div>\t\t<\/div>\n\t\t\t\t<\/div>\n\t\t\t\t\t<\/div>\n\t\t<\/div>\n\t\t\t\t<div class=\"elementor-column elementor-col-33 elementor-top-column elementor-element elementor-element-94beb4c\" data-id=\"94beb4c\" data-element_type=\"column\">\n\t\t\t<div class=\"elementor-widget-wrap elementor-element-populated\">\n\t\t\t\t\t\t\t\t<div class=\"elementor-element elementor-element-f087701 elementor-position-top elementor-invisible elementor-widget elementor-widget-image-box\" data-id=\"f087701\" data-element_type=\"widget\" data-settings=\"{&quot;_animation&quot;:&quot;zoomInRight&quot;}\" data-widget_type=\"image-box.default\">\n\t\t\t\t<div class=\"elementor-widget-container\">\n\t\t\t<div class=\"elementor-image-box-wrapper\"><figure class=\"elementor-image-box-img\"><img loading=\"lazy\" decoding=\"async\" width=\"150\" height=\"150\" src=\"https:\/\/www.gemsnk.de\/wp-content\/uploads\/2020\/06\/connor-coyne-OgqWLzWRSaI-unsplash-scaled-e1593295079655-150x150.jpg\" class=\"attachment-thumbnail size-thumbnail wp-image-1185\" alt=\"\" \/><\/figure><div class=\"elementor-image-box-content\"><h3 class=\"elementor-image-box-title\">Fu\u00dfball-AG<br><\/h3><p class=\"elementor-image-box-description\">Die Fu\u00dfball-AG richtet sich an alle sportbegeisterten Sch\u00fclerinnen und Sch\u00fcler aller Klassenstufen. Neben der Verbesserung der konditionellen, koordinativen und taktischen F\u00e4higkeiten im Fu\u00dfball stehen vor allem spannende klassen\u00fcbergreifende Fu\u00dfballduelle auf dem Programm.\n\nLeiter: Sebastian Ecker\n\n<\/p><\/div><\/div>\t\t<\/div>\n\t\t\t\t<\/div>\n\t\t\t\t\t<\/div>\n\t\t<\/div>\n\t\t\t\t<div class=\"elementor-column elementor-col-33 elementor-top-column elementor-element elementor-element-efd5ad8\" data-id=\"efd5ad8\" data-element_type=\"column\">\n\t\t\t<div class=\"elementor-widget-wrap elementor-element-populated\">\n\t\t\t\t\t\t\t\t<div class=\"elementor-element elementor-element-eb9d468 elementor-position-top elementor-invisible elementor-widget elementor-widget-image-box\" data-id=\"eb9d468\" data-element_type=\"widget\" data-settings=\"{&quot;_animation&quot;:&quot;zoomInRight&quot;}\" data-widget_type=\"image-box.default\">\n\t\t\t\t<div class=\"elementor-widget-container\">\n\t\t\t<div class=\"elementor-image-box-wrapper\"><figure class=\"elementor-image-box-img\"><img loading=\"lazy\" decoding=\"async\" width=\"2560\" height=\"1920\" src=\"https:\/\/www.gemsnk.de\/wp-content\/uploads\/2020\/06\/IMG_20191021_135330-scaled.jpg\" class=\"attachment-full size-full wp-image-1162\" alt=\"\" srcset=\"https:\/\/www.gemsnk.de\/wp-content\/uploads\/2020\/06\/IMG_20191021_135330-scaled.jpg 2560w, https:\/\/www.gemsnk.de\/wp-content\/uploads\/2020\/06\/IMG_20191021_135330-300x225.jpg 300w, https:\/\/www.gemsnk.de\/wp-content\/uploads\/2020\/06\/IMG_20191021_135330-1024x768.jpg 1024w, https:\/\/www.gemsnk.de\/wp-content\/uploads\/2020\/06\/IMG_20191021_135330-768x576.jpg 768w, https:\/\/www.gemsnk.de\/wp-content\/uploads\/2020\/06\/IMG_20191021_135330-1536x1152.jpg 1536w, https:\/\/www.gemsnk.de\/wp-content\/uploads\/2020\/06\/IMG_20191021_135330-2048x1536.jpg 2048w, https:\/\/www.gemsnk.de\/wp-content\/uploads\/2020\/06\/IMG_20191021_135330-360x270.jpg 360w\" sizes=\"auto, (max-width: 2560px) 100vw, 2560px\" \/><\/figure><div class=\"elementor-image-box-content\"><h3 class=\"elementor-image-box-title\"><span style=\"color: var( --e-global-color-primary ); font-family: var( --e-global-typography-primary-font-family ), Sans-serif; font-weight: var( --e-global-typography-primary-font-weight );\">Kreativ -AG<\/span><\/h3><p class=\"elementor-image-box-description\">In dieser AG dreht sich bei den Sch\u00fcler*innen rund um kreatives Arbeiten.<\/p><\/div><\/div>\t\t<\/div>\n\t\t\t\t<\/div>\n\t\t\t\t\t<\/div>\n\t\t<\/div>\n\t\t\t\t\t\t\t<\/div>\n\t\t<\/section>\n\t\t\t\t<section class=\"elementor-section elementor-top-section elementor-element elementor-element-a6e9f7d elementor-section-boxed elementor-section-height-default elementor-section-height-default\" data-id=\"a6e9f7d\" data-element_type=\"section\">\n\t\t\t\t\t\t<div class=\"elementor-container elementor-column-gap-default\">\n\t\t\t\t\t<div class=\"elementor-column elementor-col-33 elementor-top-column elementor-element elementor-element-45e2574\" data-id=\"45e2574\" data-element_type=\"column\">\n\t\t\t<div class=\"elementor-widget-wrap elementor-element-populated\">\n\t\t\t\t\t\t\t\t<div class=\"elementor-element elementor-element-e5430ee elementor-position-top elementor-invisible elementor-widget elementor-widget-image-box\" data-id=\"e5430ee\" data-element_type=\"widget\" data-settings=\"{&quot;_animation&quot;:&quot;zoomInLeft&quot;}\" data-widget_type=\"image-box.default\">\n\t\t\t\t<div class=\"elementor-widget-container\">\n\t\t\t<div class=\"elementor-image-box-wrapper\"><figure class=\"elementor-image-box-img\"><img loading=\"lazy\" decoding=\"async\" width=\"1996\" height=\"1125\" src=\"https:\/\/www.gemsnk.de\/wp-content\/uploads\/2021\/02\/6F1DD80A-7E91-4518-8FA9-68F04BC167AC-1.jpeg\" class=\"attachment-full size-full wp-image-2185\" alt=\"\" srcset=\"https:\/\/www.gemsnk.de\/wp-content\/uploads\/2021\/02\/6F1DD80A-7E91-4518-8FA9-68F04BC167AC-1.jpeg 1996w, https:\/\/www.gemsnk.de\/wp-content\/uploads\/2021\/02\/6F1DD80A-7E91-4518-8FA9-68F04BC167AC-1-300x169.jpeg 300w, https:\/\/www.gemsnk.de\/wp-content\/uploads\/2021\/02\/6F1DD80A-7E91-4518-8FA9-68F04BC167AC-1-1024x577.jpeg 1024w, https:\/\/www.gemsnk.de\/wp-content\/uploads\/2021\/02\/6F1DD80A-7E91-4518-8FA9-68F04BC167AC-1-768x433.jpeg 768w, https:\/\/www.gemsnk.de\/wp-content\/uploads\/2021\/02\/6F1DD80A-7E91-4518-8FA9-68F04BC167AC-1-1536x866.jpeg 1536w, https:\/\/www.gemsnk.de\/wp-content\/uploads\/2021\/02\/6F1DD80A-7E91-4518-8FA9-68F04BC167AC-1-479x270.jpeg 479w, https:\/\/www.gemsnk.de\/wp-content\/uploads\/2021\/02\/6F1DD80A-7E91-4518-8FA9-68F04BC167AC-1-850x479.jpeg 850w\" sizes=\"auto, (max-width: 1996px) 100vw, 1996px\" \/><\/figure><div class=\"elementor-image-box-content\"><h3 class=\"elementor-image-box-title\">Physik-AG<\/h3><p class=\"elementor-image-box-description\">Die Physik-AG besch\u00e4ftigt sich mit naturwissenschaftlichen und\n\ntechnischen Themen, welche f\u00fcr die Sch\u00fclerinnen und Sch\u00fcler von besonderem Interesse sind. Dabei werden neben experimentell vermittelten naturwissenschaftlichen Arbeits- und Sichtweisen auch wissenschaftliche Modelle in eigenst\u00e4ndiger Planung angefertigt. Ein f\u00e4cher\u00fcbergreifendes, intrinsisch motiviertes Lernen erm\u00f6glicht eine besonders intensive Erfahrung und einen individuellen Zugang zu den Naturwissenschaften. Dieses Jahr haben sich die Sch\u00fclerinnen und Sch\u00fcler der 9. Klassenstufe f\u00fcr den Bau eines Modells unseres Sonnensystems entschieden.\n\nLeiter: Dennis Riegelmann\n\n<\/p><\/div><\/div>\t\t<\/div>\n\t\t\t\t<\/div>\n\t\t\t\t\t<\/div>\n\t\t<\/div>\n\t\t\t\t<div class=\"elementor-column elementor-col-33 elementor-top-column elementor-element elementor-element-cb5cdc0\" data-id=\"cb5cdc0\" data-element_type=\"column\">\n\t\t\t<div class=\"elementor-widget-wrap elementor-element-populated\">\n\t\t\t\t\t\t\t\t<div class=\"elementor-element elementor-element-8d202ed elementor-position-top elementor-invisible elementor-widget elementor-widget-image-box\" data-id=\"8d202ed\" data-element_type=\"widget\" data-settings=\"{&quot;_animation&quot;:&quot;zoomInLeft&quot;}\" data-widget_type=\"image-box.default\">\n\t\t\t\t<div class=\"elementor-widget-container\">\n\t\t\t<div class=\"elementor-image-box-wrapper\"><figure class=\"elementor-image-box-img\"><img loading=\"lazy\" decoding=\"async\" width=\"1125\" height=\"1125\" src=\"https:\/\/www.gemsnk.de\/wp-content\/uploads\/2021\/10\/0bb1cb6e-33e5-4f3d-976f-00a1b8b5a4f0.jpeg\" class=\"attachment-full size-full wp-image-2959\" alt=\"\" srcset=\"https:\/\/www.gemsnk.de\/wp-content\/uploads\/2021\/10\/0bb1cb6e-33e5-4f3d-976f-00a1b8b5a4f0.jpeg 1125w, https:\/\/www.gemsnk.de\/wp-content\/uploads\/2021\/10\/0bb1cb6e-33e5-4f3d-976f-00a1b8b5a4f0-300x300.jpeg 300w, https:\/\/www.gemsnk.de\/wp-content\/uploads\/2021\/10\/0bb1cb6e-33e5-4f3d-976f-00a1b8b5a4f0-1024x1024.jpeg 1024w, https:\/\/www.gemsnk.de\/wp-content\/uploads\/2021\/10\/0bb1cb6e-33e5-4f3d-976f-00a1b8b5a4f0-150x150.jpeg 150w, https:\/\/www.gemsnk.de\/wp-content\/uploads\/2021\/10\/0bb1cb6e-33e5-4f3d-976f-00a1b8b5a4f0-768x768.jpeg 768w, https:\/\/www.gemsnk.de\/wp-content\/uploads\/2021\/10\/0bb1cb6e-33e5-4f3d-976f-00a1b8b5a4f0-270x270.jpeg 270w, https:\/\/www.gemsnk.de\/wp-content\/uploads\/2021\/10\/0bb1cb6e-33e5-4f3d-976f-00a1b8b5a4f0-850x850.jpeg 850w\" sizes=\"auto, (max-width: 1125px) 100vw, 1125px\" \/><\/figure><div class=\"elementor-image-box-content\"><h3 class=\"elementor-image-box-title\">Podcast-AG<br>21\/22<\/h3><p class=\"elementor-image-box-description\">Die Podcast-AG THE BIG 6 besch\u00e4ftigt sich mit der Erstellung eines eigenen Podcasts. Die Sch\u00fcler*innen finden Themen und sprechen gemeinsam \u00fcber ein Thema. Die unterschiedlichen kulturellen Hintergr\u00fcnde, kombiniert mit der eigenen Regie machen es zu einem spannenden und gelungenen Projekt. \n\nLeiter: Mahbuba Aykat\n\n<\/p><\/div><\/div>\t\t<\/div>\n\t\t\t\t<\/div>\n\t\t\t\t\t<\/div>\n\t\t<\/div>\n\t\t\t\t<div class=\"elementor-column elementor-col-33 elementor-top-column elementor-element elementor-element-d223fd1\" data-id=\"d223fd1\" data-element_type=\"column\">\n\t\t\t<div class=\"elementor-widget-wrap elementor-element-populated\">\n\t\t\t\t\t\t\t\t<div class=\"elementor-element elementor-element-e76cb3b elementor-position-top elementor-invisible elementor-widget elementor-widget-image-box\" data-id=\"e76cb3b\" data-element_type=\"widget\" data-settings=\"{&quot;_animation&quot;:&quot;zoomIn&quot;}\" data-widget_type=\"image-box.default\">\n\t\t\t\t<div class=\"elementor-widget-container\">\n\t\t\t<div class=\"elementor-image-box-wrapper\"><figure class=\"elementor-image-box-img\"><img loading=\"lazy\" decoding=\"async\" width=\"2560\" height=\"1707\" src=\"https:\/\/www.gemsnk.de\/wp-content\/uploads\/2020\/06\/marcus-ng-ZbbhkQ0M2AM-unsplash-scaled.jpg\" class=\"attachment-full size-full wp-image-1181\" alt=\"\" srcset=\"https:\/\/www.gemsnk.de\/wp-content\/uploads\/2020\/06\/marcus-ng-ZbbhkQ0M2AM-unsplash-scaled.jpg 2560w, https:\/\/www.gemsnk.de\/wp-content\/uploads\/2020\/06\/marcus-ng-ZbbhkQ0M2AM-unsplash-300x200.jpg 300w, https:\/\/www.gemsnk.de\/wp-content\/uploads\/2020\/06\/marcus-ng-ZbbhkQ0M2AM-unsplash-1024x683.jpg 1024w, https:\/\/www.gemsnk.de\/wp-content\/uploads\/2020\/06\/marcus-ng-ZbbhkQ0M2AM-unsplash-768x512.jpg 768w, https:\/\/www.gemsnk.de\/wp-content\/uploads\/2020\/06\/marcus-ng-ZbbhkQ0M2AM-unsplash-1536x1024.jpg 1536w, https:\/\/www.gemsnk.de\/wp-content\/uploads\/2020\/06\/marcus-ng-ZbbhkQ0M2AM-unsplash-2048x1365.jpg 2048w, https:\/\/www.gemsnk.de\/wp-content\/uploads\/2020\/06\/marcus-ng-ZbbhkQ0M2AM-unsplash-405x270.jpg 405w\" sizes=\"auto, (max-width: 2560px) 100vw, 2560px\" \/><\/figure><div class=\"elementor-image-box-content\"><h3 class=\"elementor-image-box-title\">Schwimm AG<br><span style=\"color: var( --e-global-color-primary ); font-family: var( --e-global-typography-primary-font-family ), Sans-serif; font-weight: var( --e-global-typography-primary-font-weight );\">21\/22<\/span><\/h3><p class=\"elementor-image-box-description\">Sch\u00fcler\/Sch\u00fclerinnen der Klassenstufen 8, 9 und 10 k\u00f6nnen an der Schwimm-AG teilnehmen. F\u00fcr die Teilnehmer entstehen keine Kosten (weder f\u00fcr die Busfahrt noch f\u00fcr den Eintritt. Die Schwimmstile Brustschwimmen, Kraulschwimmen und R\u00fcckenschwimmen werden vermittelt und es wird viel ge\u00fcbt. Jedoch kommen der Spa\u00df und die Freude nicht zu kurz. Wir springen auch vom Sprungturm oder Tauchen im Nichtschwimmerbecken und genie\u00dfen in den Sommermonaten auch das Schwimmen im Freibad. Als Ziel haben wir das Bestehen der Schwimmabzeichen Bronze des Deutschen Schwimmverbandes.\n\nLeiter: Steffen Koch und Sebastian Schmid\n<\/p><\/div><\/div>\t\t<\/div>\n\t\t\t\t<\/div>\n\t\t\t\t\t<\/div>\n\t\t<\/div>\n\t\t\t\t\t\t\t<\/div>\n\t\t<\/section>\n\t\t\t\t<section class=\"elementor-section elementor-top-section elementor-element elementor-element-0ecac36 elementor-section-boxed elementor-section-height-default elementor-section-height-default\" data-id=\"0ecac36\" data-element_type=\"section\">\n\t\t\t\t\t\t<div class=\"elementor-container elementor-column-gap-default\">\n\t\t\t\t\t<div class=\"elementor-column elementor-col-33 elementor-top-column elementor-element elementor-element-f883a80\" data-id=\"f883a80\" data-element_type=\"column\">\n\t\t\t<div class=\"elementor-widget-wrap\">\n\t\t\t\t\t\t\t\t\t<\/div>\n\t\t<\/div>\n\t\t\t\t<div class=\"elementor-column elementor-col-33 elementor-top-column elementor-element elementor-element-a1d8c58\" data-id=\"a1d8c58\" data-element_type=\"column\">\n\t\t\t<div class=\"elementor-widget-wrap\">\n\t\t\t\t\t\t\t\t\t<\/div>\n\t\t<\/div>\n\t\t\t\t<div class=\"elementor-column elementor-col-33 elementor-top-column elementor-element elementor-element-d92b633\" data-id=\"d92b633\" data-element_type=\"column\">\n\t\t\t<div class=\"elementor-widget-wrap\">\n\t\t\t\t\t\t\t\t\t<\/div>\n\t\t<\/div>\n\t\t\t\t\t\t\t<\/div>\n\t\t<\/section>\n\t\t\t\t<section class=\"elementor-section elementor-top-section elementor-element elementor-element-f50e15b elementor-section-boxed elementor-section-height-default elementor-section-height-default\" data-id=\"f50e15b\" data-element_type=\"section\">\n\t\t\t\t\t\t<div class=\"elementor-container elementor-column-gap-default\">\n\t\t\t\t\t<div class=\"elementor-column elementor-col-33 elementor-top-column elementor-element elementor-element-5b87094\" data-id=\"5b87094\" data-element_type=\"column\">\n\t\t\t<div class=\"elementor-widget-wrap\">\n\t\t\t\t\t\t\t\t\t<\/div>\n\t\t<\/div>\n\t\t\t\t<div class=\"elementor-column elementor-col-33 elementor-top-column elementor-element elementor-element-d392e4c\" data-id=\"d392e4c\" data-element_type=\"column\">\n\t\t\t<div class=\"elementor-widget-wrap\">\n\t\t\t\t\t\t\t\t\t<\/div>\n\t\t<\/div>\n\t\t\t\t<div class=\"elementor-column elementor-col-33 elementor-top-column elementor-element elementor-element-f05b194\" data-id=\"f05b194\" data-element_type=\"column\">\n\t\t\t<div class=\"elementor-widget-wrap\">\n\t\t\t\t\t\t\t\t\t<\/div>\n\t\t<\/div>\n\t\t\t\t\t\t\t<\/div>\n\t\t<\/section>\n\t\t\t\t\t\t\t<\/div>\n\t\t","protected":false},"excerpt":{"rendered":"<p>Unsere Arbeitsgemeinschaften (AGs) Wir bieten in jedem Schuljahr verschiedenste Arbeitsgemeinschaften an, da d\u00fcrfte f\u00fcr jeden etwas dabei sein. Die Anmeldung ist f\u00fcr ein Halbjahr verbindlich! Back-AG Rezepte finden und in&hellip;<\/p>\n","protected":false},"author":1,"featured_media":0,"parent":0,"menu_order":0,"comment_status":"closed","ping_status":"closed","template":"","meta":{"_EventAllDay":false,"_EventTimezone":"","_EventStartDate":"","_EventEndDate":"","_EventStartDateUTC":"","_EventEndDateUTC":"","_EventShowMap":false,"_EventShowMapLink":false,"_EventURL":"","_EventCost":"","_EventCostDescription":"","_EventCurrencySymbol":"","_EventCurrencyCode":"","_EventCurrencyPosition":"","_EventDateTimeSeparator":"","_EventTimeRangeSeparator":"","_EventOrganizerID":[],"_EventVenueID":[],"_OrganizerEmail":"","_OrganizerPhone":"","_OrganizerWebsite":"","_VenueAddress":"","_VenueCity":"","_VenueCountry":"","_VenueProvince":"","_VenueState":"","_VenueZip":"","_VenuePhone":"","_VenueURL":"","_VenueStateProvince":"","_VenueLat":"","_VenueLng":"","_VenueShowMap":false,"_VenueShowMapLink":false,"footnotes":""},"class_list":["post-485","page","type-page","status-publish","hentry"],"_links":{"self":[{"href":"https:\/\/www.gemsnk.de\/index.php?rest_route=\/wp\/v2\/pages\/485","targetHints":{"allow":["GET"]}}],"collection":[{"href":"https:\/\/www.gemsnk.de\/index.php?rest_route=\/wp\/v2\/pages"}],"about":[{"href":"https:\/\/www.gemsnk.de\/index.php?rest_route=\/wp\/v2\/types\/page"}],"author":[{"embeddable":true,"href":"https:\/\/www.gemsnk.de\/index.php?rest_route=\/wp\/v2\/users\/1"}],"replies":[{"embeddable":true,"href":"https:\/\/www.gemsnk.de\/index.php?rest_route=%2Fwp%2Fv2%2Fcomments&post=485"}],"version-history":[{"count":21,"href":"https:\/\/www.gemsnk.de\/index.php?rest_route=\/wp\/v2\/pages\/485\/revisions"}],"predecessor-version":[{"id":3724,"href":"https:\/\/www.gemsnk.de\/index.php?rest_route=\/wp\/v2\/pages\/485\/revisions\/3724"}],"wp:attachment":[{"href":"https:\/\/www.gemsnk.de\/index.php?rest_route=%2Fwp%2Fv2%2Fmedia&parent=485"}],"curies":[{"name":"wp","href":"https:\/\/api.w.org\/{rel}","templated":true}]}}