{"id":467,"date":"2020-04-16T17:28:21","date_gmt":"2020-04-16T15:28:21","guid":{"rendered":"https:\/\/www.gemsnk.de\/?page_id=467"},"modified":"2024-01-19T06:38:38","modified_gmt":"2024-01-19T05:38:38","slug":"impressum","status":"publish","type":"page","link":"https:\/\/www.gemsnk.de\/?page_id=467","title":{"rendered":"Impressum"},"content":{"rendered":"\n<p>Bei Anfragen, Beschwerden, Hinweisen und Anregungen wenden Sie sich bitte&nbsp;zun\u00e4chst an die Verantwortlichen f\u00fcr die Website:<\/p>\n\n\n\n<p>Herr Michael Klepper, Schulleiter der Gemeinschaftsschule<br>und<br>Eva Venohr-H\u00f6rske, Lehrerin<\/p>\n\n\n\n<p>Gemeinschaftsschule Neunkirchen-Stadtmitte<br><strong>Freiherr<\/strong>-vom-<strong>Stein<\/strong>-Stra\u00dfe 2 <br>66540 Neunkirchen<\/p>\n\n\n\n<p>Tel.: 06821 \/ 9997110<br>Fax: 06821 \/ 9997130<br>E-Mail: <a>gemsnk@schule.saarland<\/a><\/p>\n\n\n\n<p>Bitte beachten Sie unsere <a href=\"https:\/\/www.gemsnk.de\/?page_id=3610\">Datenschutzbestimmungen<\/a>!<\/p>\n\n\n\n<p>Diensteanbieter dieses Internetangebots ist das Saarland, vertreten durch digital service<\/p>\n\n\n\n<h3 class=\"wp-block-heading\">Rechtliche Hinweise:<\/h3>\n\n\n\n<p>Das Layout der Homepage, die verwendeten Grafiken sowie Beitr\u00e4ge und Bilder sind urheberrechtlich gesch\u00fctzt. Jede Verwertung au\u00dferhalb der Grenzen des Urheberrechtsgesetzes ist ohne Genehmigung unzul\u00e4ssig.<\/p>\n\n\n\n<ul class=\"wp-block-list\">\n<li><strong>Haftungsausschluss<\/strong><br>Die Informationen, die Sie auf diesem Internetauftritt vorfinden, wurden nach bestem Wissen und Gewissen sorgf\u00e4ltig zusammengestellt und gepr\u00fcft. Es wird jedoch keine Gew\u00e4hr \u2013 weder ausdr\u00fccklich noch stillschweigend \u2013 f\u00fcr die Vollst\u00e4ndigkeit, Richtigkeit, Aktualit\u00e4t oder Qualit\u00e4t und jederzeitige Verf\u00fcgbarkeit der bereit gestellten Informationen \u00fcbernommen. In keinem Fall wird f\u00fcr Sch\u00e4den, die sich aus der Verwendung der abgerufenen Informationen ergeben, eine Haftung \u00fcbernommen.<\/li>\n\n\n\n<li><strong>Internetseiten dritter Anbieter \/ Links<\/strong><br>Diese Internetseite enth\u00e4lt auch Links oder Verweise auf Internetauftritte Dritter. Diese Links zu den Internetauftritten Dritter stellen keine Zustimmung zu deren Inhalten durch den Herausgeber dar. Es wird keine Verantwortung f\u00fcr die Verf\u00fcgbarkeit oder den Inhalt solcher Internetauftritte \u00fcbernommen und keine Haftung f\u00fcr Sch\u00e4den oder Verletzungen, die aus der Nutzung \u2013 gleich welcher Art \u2013 solcher Inhalte entstehen. Mit den Links zu anderen Internetauftritten wird den Nutzern lediglich der Zugang zur Nutzung der Inhalte vermittelt. F\u00fcr illegale, fehlerhafte oder unvollst\u00e4ndige Inhalte und f\u00fcr Sch\u00e4den, die aus der Nutzung entstehen, haftet allein der Anbieter der Seite, auf welche verwiesen wurde.<\/li>\n<\/ul>\n","protected":false},"excerpt":{"rendered":"<p>Bei Anfragen, Beschwerden, Hinweisen und Anregungen wenden Sie sich bitte&nbsp;zun\u00e4chst an die Verantwortlichen f\u00fcr die Website: Herr Michael Klepper, Schulleiter der GemeinschaftsschuleundEva Venohr-H\u00f6rske, Lehrerin Gemeinschaftsschule Neunkirchen-StadtmitteFreiherr-vom-Stein-Stra\u00dfe 2 66540 Neunkirchen Tel.:&hellip;<\/p>\n","protected":false},"author":1,"featured_media":0,"parent":0,"menu_order":0,"comment_status":"closed","ping_status":"closed","template":"","meta":{"_EventAllDay":false,"_EventTimezone":"","_EventStartDate":"","_EventEndDate":"","_EventStartDateUTC":"","_EventEndDateUTC":"","_EventShowMap":false,"_EventShowMapLink":false,"_EventURL":"","_EventCost":"","_EventCostDescription":"","_EventCurrencySymbol":"","_EventCurrencyCode":"","_EventCurrencyPosition":"","_EventDateTimeSeparator":"","_EventTimeRangeSeparator":"","_EventOrganizerID":[],"_EventVenueID":[],"_OrganizerEmail":"","_OrganizerPhone":"","_OrganizerWebsite":"","_VenueAddress":"","_VenueCity":"","_VenueCountry":"","_VenueProvince":"","_VenueState":"","_VenueZip":"","_VenuePhone":"","_VenueURL":"","_VenueStateProvince":"","_VenueLat":"","_VenueLng":"","_VenueShowMap":false,"_VenueShowMapLink":false,"footnotes":""},"class_list":["post-467","page","type-page","status-publish","hentry"],"_links":{"self":[{"href":"https:\/\/www.gemsnk.de\/index.php?rest_route=\/wp\/v2\/pages\/467","targetHints":{"allow":["GET"]}}],"collection":[{"href":"https:\/\/www.gemsnk.de\/index.php?rest_route=\/wp\/v2\/pages"}],"about":[{"href":"https:\/\/www.gemsnk.de\/index.php?rest_route=\/wp\/v2\/types\/page"}],"author":[{"embeddable":true,"href":"https:\/\/www.gemsnk.de\/index.php?rest_route=\/wp\/v2\/users\/1"}],"replies":[{"embeddable":true,"href":"https:\/\/www.gemsnk.de\/index.php?rest_route=%2Fwp%2Fv2%2Fcomments&post=467"}],"version-history":[{"count":14,"href":"https:\/\/www.gemsnk.de\/index.php?rest_route=\/wp\/v2\/pages\/467\/revisions"}],"predecessor-version":[{"id":4388,"href":"https:\/\/www.gemsnk.de\/index.php?rest_route=\/wp\/v2\/pages\/467\/revisions\/4388"}],"wp:attachment":[{"href":"https:\/\/www.gemsnk.de\/index.php?rest_route=%2Fwp%2Fv2%2Fmedia&parent=467"}],"curies":[{"name":"wp","href":"https:\/\/api.w.org\/{rel}","templated":true}]}}